{"id":1970,"date":"2019-12-20T18:35:38","date_gmt":"2019-12-20T18:35:38","guid":{"rendered":"https:\/\/biomaterialities.de\/?page_id=1970"},"modified":"2020-04-15T10:57:16","modified_gmt":"2020-04-15T10:57:16","slug":"legal-notice-2","status":"publish","type":"page","link":"https:\/\/biomaterialities.de\/de\/project\/de\/legal-notice-2\/","title":{"rendered":"Haftungsbeschr\u00e4nkung"},"content":{"rendered":"<p><strong>\u201eBIOMATERIALITIES &#8211; Natur und die Transformation von Produktion, Reproduktion und Politik in der High-Tech-Bio\u00f6konomie\u201c<\/strong><\/p>\n<p><span style=\"font-weight: 400;\">Hannoversche Str. 27, Haus 1210115 Berlin.<\/span><span style=\"font-weight: 400;\"><br \/>\n<\/span><span style=\"font-weight: 400;\">+ (49) &#8211; (0) 30-20 93-46 327<\/span><span style=\"font-weight: 400;\"><br \/>\n<\/span><span style=\"font-weight: 400;\">Biomaterialities (at) hu-berlin.de<\/span><span style=\"font-weight: 400;\"><br \/>\n<\/span><span style=\"font-weight: 400;\">Webseite: www.biomaterialities.de<\/span><\/p>\n<p><span style=\"font-weight: 400;\">Das Projekt\u00a0BioMaterialities wird vom deutschen Ministerium f\u00fcr Bildung und Forschung (BMBF) finanziert und ist an der Humboldt-Universit\u00e4t zu Berlin, Department f\u00fcr Agrar\u00f6konomie, Fachbereich Agrar- und Ern\u00e4hrungspolitik angesiedelt.<\/span><\/p>\n<p><span style=\"font-weight: 400;\">Die Humboldt-Universit\u00e4t zu Berlin ist eine K\u00f6rperschaft des \u00f6ffentlichen Rechts. Sie wird durch ihre <\/span><a href=\"https:\/\/www.hu-berlin.de\/de\/einrichtungen-organisation\/leitung\/praesident\"><span style=\"font-weight: 400;\">Pr\u00e4sidentin, Frau Prof. Dr.-Ing. Dr. Sabine Kunst<\/span><\/a><span style=\"font-weight: 400;\">, Unter den Linden 6, 10099 Berlin, vertreten. Die Umsatzsteuer-Identifikationsnummer der Humboldt-Universit\u00e4t zu Berlin lautet: DE 137176824 <\/span><\/p>\n<p><span style=\"font-weight: 400;\">Verantwortlich f\u00fcr die Inhalteder Webseite BioMaterialities sind die Projektleiterinnen Dr. Miriam Boyer und Dr. Sarah Hackfort. <\/span><\/p>\n<p><span style=\"font-weight: 400;\">Design und technische Umsetzung erfolgten durch Kenny Garz\u00f3n.<\/span><\/p>\n<p>&nbsp;<\/p>\n<p><b>Haftungsausschluss<\/b><\/p>\n<ol>\n<li>Haftung f\u00fcr Inhalte<br \/>\nDie Inhalte unserer Seiten wurden mit gr\u00f6\u00dfter Sorgfalt erstellt. F\u00fcr die Richtigkeit, Vollst\u00e4ndigkeit und Aktualit\u00e4t der Inhalte k\u00f6nnen wir jedoch keine Gew\u00e4hr \u00fcbernehmen. Als Diensteanbieter sind wir gem\u00e4\u00df \u00a7 7 Abs.1 TMG (deutsches Telemediengesetz) f\u00fcr eigene Inhalte auf diesen Seiten nach den allgemeinen Gesetzen verantwortlich. Nach \u00a7\u00a7 8 bis 10 TMG sind wir als Diensteanbieter jedoch nicht verpflichtet, \u00fcbermittelte oder gespeicherte fremde Informationen zu \u00fcberwachen oder nach Umst\u00e4nden zu forschen, die auf eine rechtswidrige T\u00e4tigkeit hinweisen. Verpflichtungen zur Entfernung oder Sperrung der Nutzung von Informationen nach den allgemeinen Gesetzen bleiben hiervon unber\u00fchrt. Eine diesbez\u00fcgliche Haftung ist jedoch erst ab dem Zeitpunkt der Kenntnis einer konkreten Rechtsverletzung m\u00f6glich. Bei Bekanntwerden von entsprechenden Rechtsverletzungen werden wir diese Inhalte umgehend entfernen.<\/li>\n<li>Haftung f\u00fcr Links<br \/>\nUnser Angebot enth\u00e4lt Links zu externen Webseiten Dritter, auf deren Inhalte wir keinen Einfluss haben. Deshalb k\u00f6nnen wir f\u00fcr diese fremden Inhalte auch keine Gew\u00e4hr \u00fcbernehmen. F\u00fcr die Inhalte der verlinkten Seiten ist stets der jeweilige Anbieter oder Betreiber der Seiten verantwortlich.<br \/>\nRechtswidrige Inhalte waren zum Zeitpunkt der Verlinkung nicht erkennbar. Eine permanente inhaltliche Kontrolle der verlinkten Seiten ist jedoch ohne konkrete Anhaltspunkte einer Rechtsverletzung nicht zumutbar. Bei Bekanntwerden von Rechtsverletzungen werden wir derartige Links umgehend entfernen.<\/li>\n<li>Urheberrecht<br \/>\nDie durch die Seitenbetreiber erstellten Inhalte und Werke auf diesen Seiten unterliegen dem deutschen Urheberrecht. Die Vervielf\u00e4ltigung, Bearbeitung, Verbreitung und jede Art der Verwertung au\u00dferhalb der Grenzen des Urheberrechtes bed\u00fcrfen der schriftlichen Zustimmung des jeweiligen Autors bzw. Erstellers. Downloads und Kopien dieser Seite sind nur f\u00fcr den privaten, nicht kommerziellen Gebrauch gestattet. Soweit die Inhalte auf dieser Seite nicht vom Betreiber erstellt wurden, werden die Urheberrechte Dritter beachtet. Insbesondere werden Inhalte Dritter als solche gekennzeichnet. Sollten Sie trotzdem auf eine Urheberrechtsverletzung aufmerksam werden, bitten wir um einen entsprechenden Hinweis. Bei Bekanntwerden von Rechtsverletzungen werden wir derartige Inhalte umgehend entfernen.<\/li>\n<li>Alle auf dieser Website genutzten Grafiken und Fotos sind freizug\u00e4nglich, ihre Quelle wird im jeweiligen Kontext angegeben. Gruppen und Portraitfotographien wurden von Erik Stolze gemacht oder aus privaten Quellen zur Verf\u00fcgung gestellt.<\/li>\n<\/ol>\n<p>&nbsp;<\/p>\n","protected":false},"excerpt":{"rendered":"<p>\u201eBIOMATERIALITIES &#8211; Natur und die Transformation von Produktion, Reproduktion und Politik in der High-Tech-Bio\u00f6konomie\u201c Hannoversche Str. 27, Haus 1210115 Berlin. + (49) &#8211; (0) 30-20 93-46 327 Biomaterialities (at) hu-berlin.de&hellip;<\/p>\n","protected":false},"author":1,"featured_media":0,"parent":0,"menu_order":0,"comment_status":"closed","ping_status":"closed","template":"","meta":{"content-type":"","inline_featured_image":false},"yoast_head":"<!-- This site is optimized with the Yoast SEO plugin v21.4 - https:\/\/yoast.com\/wordpress\/plugins\/seo\/ -->\n<title>Haftungsbeschr\u00e4nkung | BioMaterialities<\/title>\n<meta name=\"robots\" content=\"index, follow, max-snippet:-1, max-image-preview:large, max-video-preview:-1\" \/>\n<link rel=\"canonical\" href=\"https:\/\/biomaterialities.de\/de\/project\/de\/legal-notice-2\/\" \/>\n<meta property=\"og:locale\" content=\"en_US\" \/>\n<meta property=\"og:type\" content=\"article\" \/>\n<meta property=\"og:title\" content=\"Haftungsbeschr\u00e4nkung | BioMaterialities\" \/>\n<meta property=\"og:description\" content=\"\u201eBIOMATERIALITIES &#8211; Natur und die Transformation von Produktion, Reproduktion und Politik in der High-Tech-Bio\u00f6konomie\u201c Hannoversche Str. 27, Haus 1210115 Berlin. + (49) &#8211; (0) 30-20 93-46 327 Biomaterialities (at) hu-berlin.de&hellip;\" \/>\n<meta property=\"og:url\" content=\"https:\/\/biomaterialities.de\/de\/project\/de\/legal-notice-2\/\" \/>\n<meta property=\"og:site_name\" content=\"BioMaterialities\" \/>\n<meta property=\"article:modified_time\" content=\"2020-04-15T10:57:16+00:00\" \/>\n<meta name=\"twitter:card\" content=\"summary_large_image\" \/>\n<meta name=\"twitter:label1\" content=\"Est. reading time\" \/>\n\t<meta name=\"twitter:data1\" content=\"2 minutes\" \/>\n<script type=\"application\/ld+json\" class=\"yoast-schema-graph\">{\"@context\":\"https:\/\/schema.org\",\"@graph\":[{\"@type\":\"WebPage\",\"@id\":\"https:\/\/biomaterialities.de\/de\/project\/de\/legal-notice-2\/\",\"url\":\"https:\/\/biomaterialities.de\/de\/project\/de\/legal-notice-2\/\",\"name\":\"Haftungsbeschr\u00e4nkung | BioMaterialities\",\"isPartOf\":{\"@id\":\"https:\/\/biomaterialities.de\/de\/project\/#website\"},\"datePublished\":\"2019-12-20T18:35:38+00:00\",\"dateModified\":\"2020-04-15T10:57:16+00:00\",\"breadcrumb\":{\"@id\":\"https:\/\/biomaterialities.de\/de\/project\/de\/legal-notice-2\/#breadcrumb\"},\"inLanguage\":\"en-US\",\"potentialAction\":[{\"@type\":\"ReadAction\",\"target\":[\"https:\/\/biomaterialities.de\/de\/project\/de\/legal-notice-2\/\"]}]},{\"@type\":\"BreadcrumbList\",\"@id\":\"https:\/\/biomaterialities.de\/de\/project\/de\/legal-notice-2\/#breadcrumb\",\"itemListElement\":[{\"@type\":\"ListItem\",\"position\":1,\"name\":\"Home\",\"item\":\"https:\/\/biomaterialities.de\/de\/project\/de\/home-icon\/\"},{\"@type\":\"ListItem\",\"position\":2,\"name\":\"Haftungsbeschr\u00e4nkung\"}]},{\"@type\":\"WebSite\",\"@id\":\"https:\/\/biomaterialities.de\/de\/project\/#website\",\"url\":\"https:\/\/biomaterialities.de\/de\/project\/\",\"name\":\"BioMaterialities\",\"description\":\"Research Project. Nature and the Transformation of Production, Reproduction and Politics in the High-Tech Bioeconomy.\",\"publisher\":{\"@id\":\"https:\/\/biomaterialities.de\/de\/project\/#organization\"},\"potentialAction\":[{\"@type\":\"SearchAction\",\"target\":{\"@type\":\"EntryPoint\",\"urlTemplate\":\"https:\/\/biomaterialities.de\/de\/project\/?s={search_term_string}\"},\"query-input\":\"required name=search_term_string\"}],\"inLanguage\":\"en-US\"},{\"@type\":\"Organization\",\"@id\":\"https:\/\/biomaterialities.de\/de\/project\/#organization\",\"name\":\"Biomaterialities\",\"url\":\"https:\/\/biomaterialities.de\/de\/project\/\",\"logo\":{\"@type\":\"ImageObject\",\"inLanguage\":\"en-US\",\"@id\":\"https:\/\/biomaterialities.de\/de\/project\/#\/schema\/logo\/image\/\",\"url\":\"https:\/\/biomaterialities.de\/wp-content\/uploads\/2020\/01\/LogoBioMat_RGB.svg\",\"contentUrl\":\"https:\/\/biomaterialities.de\/wp-content\/uploads\/2020\/01\/LogoBioMat_RGB.svg\",\"width\":1,\"height\":1,\"caption\":\"Biomaterialities\"},\"image\":{\"@id\":\"https:\/\/biomaterialities.de\/de\/project\/#\/schema\/logo\/image\/\"}}]}<\/script>\n<!-- \/ Yoast SEO plugin. -->","yoast_head_json":{"title":"Haftungsbeschr\u00e4nkung | BioMaterialities","robots":{"index":"index","follow":"follow","max-snippet":"max-snippet:-1","max-image-preview":"max-image-preview:large","max-video-preview":"max-video-preview:-1"},"canonical":"https:\/\/biomaterialities.de\/de\/project\/de\/legal-notice-2\/","og_locale":"en_US","og_type":"article","og_title":"Haftungsbeschr\u00e4nkung | BioMaterialities","og_description":"\u201eBIOMATERIALITIES &#8211; Natur und die Transformation von Produktion, Reproduktion und Politik in der High-Tech-Bio\u00f6konomie\u201c Hannoversche Str. 27, Haus 1210115 Berlin. + (49) &#8211; (0) 30-20 93-46 327 Biomaterialities (at) hu-berlin.de&hellip;","og_url":"https:\/\/biomaterialities.de\/de\/project\/de\/legal-notice-2\/","og_site_name":"BioMaterialities","article_modified_time":"2020-04-15T10:57:16+00:00","twitter_card":"summary_large_image","twitter_misc":{"Est. reading time":"2 minutes"},"schema":{"@context":"https:\/\/schema.org","@graph":[{"@type":"WebPage","@id":"https:\/\/biomaterialities.de\/de\/project\/de\/legal-notice-2\/","url":"https:\/\/biomaterialities.de\/de\/project\/de\/legal-notice-2\/","name":"Haftungsbeschr\u00e4nkung | BioMaterialities","isPartOf":{"@id":"https:\/\/biomaterialities.de\/de\/project\/#website"},"datePublished":"2019-12-20T18:35:38+00:00","dateModified":"2020-04-15T10:57:16+00:00","breadcrumb":{"@id":"https:\/\/biomaterialities.de\/de\/project\/de\/legal-notice-2\/#breadcrumb"},"inLanguage":"en-US","potentialAction":[{"@type":"ReadAction","target":["https:\/\/biomaterialities.de\/de\/project\/de\/legal-notice-2\/"]}]},{"@type":"BreadcrumbList","@id":"https:\/\/biomaterialities.de\/de\/project\/de\/legal-notice-2\/#breadcrumb","itemListElement":[{"@type":"ListItem","position":1,"name":"Home","item":"https:\/\/biomaterialities.de\/de\/project\/de\/home-icon\/"},{"@type":"ListItem","position":2,"name":"Haftungsbeschr\u00e4nkung"}]},{"@type":"WebSite","@id":"https:\/\/biomaterialities.de\/de\/project\/#website","url":"https:\/\/biomaterialities.de\/de\/project\/","name":"BioMaterialities","description":"Research Project. Nature and the Transformation of Production, Reproduction and Politics in the High-Tech Bioeconomy.","publisher":{"@id":"https:\/\/biomaterialities.de\/de\/project\/#organization"},"potentialAction":[{"@type":"SearchAction","target":{"@type":"EntryPoint","urlTemplate":"https:\/\/biomaterialities.de\/de\/project\/?s={search_term_string}"},"query-input":"required name=search_term_string"}],"inLanguage":"en-US"},{"@type":"Organization","@id":"https:\/\/biomaterialities.de\/de\/project\/#organization","name":"Biomaterialities","url":"https:\/\/biomaterialities.de\/de\/project\/","logo":{"@type":"ImageObject","inLanguage":"en-US","@id":"https:\/\/biomaterialities.de\/de\/project\/#\/schema\/logo\/image\/","url":"https:\/\/biomaterialities.de\/wp-content\/uploads\/2020\/01\/LogoBioMat_RGB.svg","contentUrl":"https:\/\/biomaterialities.de\/wp-content\/uploads\/2020\/01\/LogoBioMat_RGB.svg","width":1,"height":1,"caption":"Biomaterialities"},"image":{"@id":"https:\/\/biomaterialities.de\/de\/project\/#\/schema\/logo\/image\/"}}]}},"_links":{"self":[{"href":"https:\/\/biomaterialities.de\/de\/project\/wp-json\/wp\/v2\/pages\/1970"}],"collection":[{"href":"https:\/\/biomaterialities.de\/de\/project\/wp-json\/wp\/v2\/pages"}],"about":[{"href":"https:\/\/biomaterialities.de\/de\/project\/wp-json\/wp\/v2\/types\/page"}],"author":[{"embeddable":true,"href":"https:\/\/biomaterialities.de\/de\/project\/wp-json\/wp\/v2\/users\/1"}],"replies":[{"embeddable":true,"href":"https:\/\/biomaterialities.de\/de\/project\/wp-json\/wp\/v2\/comments?post=1970"}],"version-history":[{"count":6,"href":"https:\/\/biomaterialities.de\/de\/project\/wp-json\/wp\/v2\/pages\/1970\/revisions"}],"predecessor-version":[{"id":1998,"href":"https:\/\/biomaterialities.de\/de\/project\/wp-json\/wp\/v2\/pages\/1970\/revisions\/1998"}],"wp:attachment":[{"href":"https:\/\/biomaterialities.de\/de\/project\/wp-json\/wp\/v2\/media?parent=1970"}],"curies":[{"name":"wp","href":"https:\/\/api.w.org\/{rel}","templated":true}]}}