{"id":1968,"date":"2020-04-14T17:19:51","date_gmt":"2020-04-14T17:19:51","guid":{"rendered":"https:\/\/biomaterialities.de\/?page_id=1968"},"modified":"2023-07-13T19:38:25","modified_gmt":"2023-07-13T19:38:25","slug":"privacy-policy-2","status":"publish","type":"page","link":"https:\/\/biomaterialities.de\/de\/project\/de\/privacy-policy-2\/","title":{"rendered":"Datenschutzbestimmung"},"content":{"rendered":"<h1>Datenschutzerkl\u00e4rung<\/h1>\n<p>Wir freuen uns \u00fcber Ihr Interesse an unserem Onlineauftritt. Der Schutz Ihrer pers\u00f6nlichen Daten hat f\u00fcr uns einen hohen Stellenwert. Die Nutzung unserer Webseiten ist grunds\u00e4tzlich ohne jede Angabe personenbezogener Daten m\u00f6glich. Sofern Sie besondere Services unserer Webseiten in Anspruch nehmen, k\u00f6nnte jedoch eine Verarbeitung personenbezogener Daten erforderlich werden. Ist dies erforderlich und besteht f\u00fcr eine solche Verarbeitung keine gesetzliche Grundlage, holen wir generell Ihre Einwilligung ein.<\/p>\n<p>Die Verarbeitung personenbezogener Daten, beispielsweise des Namens oder der E-Mail-Adresse einer Person, erfolgt stets im Einklang mit der Datenschutz-Grundverordnung der EU (EU-DSGVO) und in \u00dcbereinstimmung mit dem f\u00fcr die Humboldt-Universit\u00e4t geltenden Berliner Datenschutzgesetz (BlnDSG). Die folgende Datenschutzerkl\u00e4rung soll Sie \u00fcber Art, Umfang und Zweck der von uns erhobenen personenbezogenen Daten informieren. Dar\u00fcber hinaus erl\u00e4utert diese Datenschutzerkl\u00e4rung auch Ihre Rechte.<\/p>\n<p>Diese Datenschutzerkl\u00e4rung basiert auf den Datenschutzbestimmungen der Humboldt-Universit\u00e4t zu Berlin und den Begriffen, die der europ\u00e4ische Gesetzgeber bei der Erteilung der Allgemeinen Datenschutzverordnung herausgibt.<\/p>\n<h2>Name und Anschrift der f\u00fcr die Verarbeitung Verantwortlichen<\/h2>\n<p>Verantwortliche im Sinne der Datenschutz-Grundverordnung ist die:<br \/>\n\u201eBIOMATERIALITIES Natur und die Transformation von Produktion, Reproduktion und Politik in der Hightech-Bio\u00f6konomie\u201c<br \/>\nProjektleiterinnen Dr. Miriam Boyer und Dr. Sarah Hackfort<br \/>\nHannoversche Str. 27, Haus 1210115 Berlin.<br \/>\n+ (49) &#8211; (0) 30-20 93-46 327<br \/>\nBiomaterialities (at) hu-berlin.de<br \/>\nWebseite: www.biomaterialities.de<\/p>\n<h2>Name und Anschrift des Datenschutzbeauftragten Humboldt-Universit\u00e4t zu Berlin<\/h2>\n<p>Gesine Hoffmann-Holland<br \/>\nTelefon: +49 (30) 2093-2591<br \/>\nE-Mail: datenschutz@uv.hu-berlin.de<br \/>\nWebseite: www.hu-berlin.de\/de\/datenschutz<\/p>\n<h2>Datenverarbeitung und Verarbeitungszwecke<\/h2>\n<p>Die Webseite BioMaterialities.de erfasst mit jedem Aufruf der Webseite durch eine betroffene Person oder ein automatisiertes System eine Reihe von allgemeinen Daten und Informationen. Diese allgemeinen Daten und Informationen werden in den Logfiles der Server gespeichert.<\/p>\n<p>Erfasst werden:<br \/>\n(1) Typ und Version des verwendeten Browsers,<br \/>\n(2) das vom zugreifenden System verwendete Betriebssystem<\/p>\n<p>(3) die Webseite, von welcher ein zugreifendes System auf unsere Webseite gelangt (HTTP-Referrer)<br \/>\n(4) die Unterwebseiten, welche \u00fcber ein zugreifendes System auf unserer Webseite angesteuert werden<br \/>\n(5) Datum und Uhrzeit des Zugriffs auf unsere Webseite,<br \/>\n(6) die zur Anonymisierung um die letzte Stelle reduzierte Internet-Protokoll-Adresse (IP-Adresse)<br \/>\n(7) die Menge der \u00fcbertragenen Daten in Bytes<\/p>\n<p>Bei der Nutzung dieser allgemeinen Daten und Informationen macht BioMaterialities keine R\u00fcckschl\u00fcsse auf die zugreifende Person. Diese Informationen sind erforderlich, um<br \/>\n(1) den Inhalt unserer Webseite korrekt bereitzustellen,<br \/>\n(2) den Inhalt unserer Webseite zu optimieren,<br \/>\n(3) die kontinuierliche Funktionsf\u00e4higkeit unseres IT-Systems und die Technologie unserer Webseite zu gew\u00e4hrleisten und (4) um Strafverfolgungsbeh\u00f6rden im Falle eines Cyberangriffes die zur Strafverfolgung notwendigen Informationen bereitzustellen<\/p>\n<p>Diese anonym aufgezeichneten Daten und Informationen werden von BioMaterialities nur statistisch und mit dem Ziel ausgewertet, den Datenschutz und die Datensicherheit zu erh\u00f6hen, um ein optimales Schutzniveau f\u00fcr die von uns verarbeiteten personenbezogenen Daten zu gew\u00e4hrleisten. Die anonymen Daten der Server-Logfiles werden getrennt von allen durch eine betroffene Person angegebenen personenbezogenen Daten gespeichert.<\/p>\n<h2>Umgang mit personenbezogenen Daten<\/h2>\n<p>Personenbezogene Daten sind alle Informationen, die dazu dienen, Sie zu identifizieren und Ihre R\u00fcckverfolgbarkeit gew\u00e4hrleisten, z. B. Ihr Name, Ihre E-Mail-Adresse und Ihre Telefonnummer.<br \/>\nBioMaterialities erhebt und verwendet personenbezogene Daten nur, wenn dies gesetzlich zul\u00e4ssig ist oder wenn Sie der Erhebung von Daten durch Double-Opt-In zustimmen, beispielweise auch mit einer E-Mail-Best\u00e4tigung..<\/p>\n<h2>Umgang mit Kontaktdaten<\/h2>\n<p>Wenn Sie BioMaterialities \u00fcber die angebotenen Kontaktoptionen kontaktieren, werden Ihre pers\u00f6nlichen Daten (Name und E-Mail-Adresse) automatisch gespeichert. Diese von Ihnen freiwillig zur Verf\u00fcgung gestellten personenbezogenen Daten werden zum Zwecke der Bearbeitung oder Beantwortung Ihrer Anfrage genutzt. Diese personenbezogenen Daten werden nicht an Dritte weitergegeben.<\/p>\n<h2>Umgang mit Kommentaren und Beitr\u00e4gen<\/h2>\n<p>Wenn Sie einen Beitrag oder Kommentar auf dieser Website hinterlassen, wird Ihre IP-Adresse gespeichert. Dies dient der Sicherheit von BioMaterialities als Website-Betreiber\u00a0 im Rahmen der gesetzlichen Verpflichtungen.<\/p>\n<h2>L\u00f6schen und Sperren personenbezogener Daten<\/h2>\n<p>Die von uns erhobenen personenbezogenen Daten werden nur so lange verarbeitet und gespeichert, wie dies zur Erreichung der Speicherzwecke oder nach den gesetzlichen Bestimmungen erforderlich ist. Die genannten Logdaten werden nach einer Woche gel\u00f6scht.<\/p>\n<h2>Benutzerrechte (R\u00fccktritt, Zugriff, Berichtigung, L\u00f6schen)<\/h2>\n<p>Wenn Ihre Daten verarbeitet wurden, haben Sie laut Gesetz das Recht, von BioMaterialities kostenlos Zugang oder Best\u00e4tigung zu den \u00fcber Sie gespeicherten personenbezogenen Daten zu verlangen.<br \/>\nAuf Anfrage teilen wir Ihnen mit, welche personenbezogenen Daten \u00fcber Sie gespeichert wurden.<\/p>\n<p>Dar\u00fcber hinaus besteht ein Recht auf unverz\u00fcgliche Berichtigung sie betreffender unrichtiger personenbezogener Daten. Sofern Ihre Anfrage nicht mit einer gesetzlichen Verpflichtung zur Speicherung von Daten (z. B. Vorratsdatenspeicherung) in Konflikt steht, haben Sie ein Recht auf L\u00f6schung, Einschr\u00e4nkung der Verarbeitung und Widerspruch.<\/p>\n<p>Wenn die Verwendung personenbezogener Daten auf Ihrem Einverst\u00e4ndnis beruht, k\u00f6nnen Sie diese Einwilligung jederzeit widerrufen, ohne die Rechtm\u00e4\u00dfigkeit der Verarbeitung aufgrund der Einwilligung vor deren Widerruf zu beeintr\u00e4chtigen. Bitte senden Sie daf\u00fcr eine E-Mail an biomaterialities(at)hu-berlin.de.<\/p>\n<p>Es besteht das Recht, die von Ihnen angegebenen personenbezogenen Daten in einem strukturierten, allgemein verwendeten und maschinenlesbaren Format aufzubewahren und an einen anderen Datenverwalter zu \u00fcbertragen.<\/p>\n<p>Sollten Sie \u00fcber die Erfassung ihrer pers\u00f6nlichen Daten nach Nutzung unserer Website informiert werden wollen, bittenn wir sie sich durch entsprechende Dokumente zu identifizieren, damit wir ihre Anfrage pr\u00fcfen k\u00f6nnen. Bitte senden Sie Anfragen daher nur an biomaterialities (at) hu-berlin.de<\/p>\n<p>Dar\u00fcber hinaus k\u00f6nnen Beschwerden bei einer Aufsichtsbeh\u00f6rde der Mitgliedstaaten eingereicht werden, wenn Zweifel an der Rechtm\u00e4\u00dfigkeit der Verarbeitung personenbezogener Daten bestehen und wenn diese nicht anderen administrativen oder gerichtlichen Rechtsbehelfe schaden.<\/p>\n<h2>Cookies<\/h2>\n<p class=\"p1\"><span class=\"s1\">Cookies sind kleine Textdateien, die auf Ihrem Endger\u00e4t gespeichert werden. Diese Website nutzt ein funktionelles Cookie, welches die zuletzt genutzte Sprache der Website speichert. Mit dem Einsatz dieses Cookies gew\u00e4hrleisten wir einen benutzerfreundlichen Besuch der Website, welcher ohne die Cookie-Setzung nicht m\u00f6glich w\u00e4re. Das Cookie hat eine Lebensdauer, die auf die jeweilige Session begrenzt ist. Wird die Website oder der Browser geschlossen, wird das Cookie gel\u00f6scht. Da das betreffende Cookie rein funktionell ist und keine sensiblen Daten der Besucher*innen unserer Website sammelt und speichert, muss es f\u00fcr Nutzer*innen nicht optional an- und ausschaltbar sein.\u00a0 In allen g\u00e4ngigen Browsern oder mit Hilfe anderer Software k\u00f6nnen gesetzte Cookies jederzeit gel\u00f6scht werden.<\/span><\/p>\n<h2>Datenschutzbestimmungen f\u00fcr die Verwendung und Anwendung von Webanalysetools<\/h2>\n<p>Diese Website verwendet keine Webanalysetools wie den Dienst von \u201eGoogle Analytics\u201c<\/p>\n<h2>Die Rechtsgrundlage der Verarbeitung<\/h2>\n<p>Die Verarbeitung personenbezogener Daten erfolgt stets in \u00dcbereinstimmung mit dem<br \/>\nEU-Datenschutzgrundverordnung (EU-DSGVO) und nach dem Berliner Datenschutzgesetz (BlnDSG). Wenn die Datenverarbeitung auf Ihrer Zustimmung beruht, ist die Verarbeitung gem\u00e4\u00df Art. 6 Abs. 1 lit. eine DSGVO.<\/p>\n<p>Die Datenverarbeitung, welche f\u00fcr die Erf\u00fcllung eines Vertrags, an dem Sie beteiligt sind, erforderlich ist, ist gem\u00e4\u00df Art. 6 Abs. 1 lit. b DSGVO (z. B. Veranstaltungsregistrierung). Ist die Datenverarbeitung zur \u00dcbereinstimmung einer gesetzlichen Verpflichtung erforderlich, der BioMaterialities unterliegt, so ist die Verarbeitung gem\u00e4\u00df Art. 6 Abs. 1 lit. c DSGVO (z. B. gesetzliche Aufbewahrungspflichten).<\/p>\n<p>Wenn die Datenverarbeitung zum Schutz von Leib und Leben Ihrer oder einer anderen nat\u00fcrlichen Person erforderlich ist, ist die Verarbeitung gem\u00e4\u00df Art. 6 Abs. 1 lit. d DSGVO. Soweit die Datenverarbeitung zur Erf\u00fcllung einer im \u00f6ffentlichen Interesse oder zur Aus\u00fcbung der beh\u00f6rdlichen Befugnisse von BioMaterialities aufgef\u00fchrter Aufgabe gebraucht wird, ist die Verarbeitung gem\u00e4\u00df Art. 6 Abs. 1 lit. e DSGVO (z. B. Bearbeitung von Pr\u00fcfungen).<\/p>\n<p>Ist die Datenverarbeitung zum Zwecke der von BioMaterialities verfolgten berechtigten Interessen erforderlich, so ist die Datenverarbeitung gem\u00e4\u00df Artikel 6 Absatz 1 lit. f DSGVO (z. B. die oben aufgef\u00fchrte Datenverarbeitung), sofern Ihre Interessen oder Grundrechte und -freiheiten, die den Schutz personenbezogener Daten ben\u00f6tigen, keine Priorit\u00e4t haben.<\/p>\n<h2>Anpassung von Datenschutzma\u00dfnahmen an technische Innovationen<\/h2>\n<p>Datenschutzma\u00dfnahmen unterliegen immer technischen Neuerungen. Aus diesem Grund bitten wir Sie, sich in regelm\u00e4\u00dfigen Abst\u00e4nden \u00fcber unsere Datenschutzma\u00dfnahmen zu informieren, indem Sie unsere Datenschutzerkl\u00e4rung konsultieren.<\/p>\n","protected":false},"excerpt":{"rendered":"<p>Datenschutzerkl\u00e4rung Wir freuen uns \u00fcber Ihr Interesse an unserem Onlineauftritt. Der Schutz Ihrer pers\u00f6nlichen Daten hat f\u00fcr uns einen hohen Stellenwert. Die Nutzung unserer Webseiten ist grunds\u00e4tzlich ohne jede Angabe&hellip;<\/p>\n","protected":false},"author":1,"featured_media":0,"parent":0,"menu_order":0,"comment_status":"closed","ping_status":"open","template":"","meta":{"content-type":"","inline_featured_image":false},"yoast_head":"<!-- This site is optimized with the Yoast SEO plugin v21.4 - https:\/\/yoast.com\/wordpress\/plugins\/seo\/ -->\n<title>Datenschutzbestimmung | BioMaterialities<\/title>\n<meta name=\"robots\" content=\"index, follow, max-snippet:-1, max-image-preview:large, max-video-preview:-1\" \/>\n<link rel=\"canonical\" href=\"https:\/\/biomaterialities.de\/de\/project\/de\/privacy-policy-2\/\" \/>\n<meta property=\"og:locale\" content=\"en_US\" \/>\n<meta property=\"og:type\" content=\"article\" \/>\n<meta property=\"og:title\" content=\"Datenschutzbestimmung | BioMaterialities\" \/>\n<meta property=\"og:description\" content=\"Datenschutzerkl\u00e4rung Wir freuen uns \u00fcber Ihr Interesse an unserem Onlineauftritt. Der Schutz Ihrer pers\u00f6nlichen Daten hat f\u00fcr uns einen hohen Stellenwert. Die Nutzung unserer Webseiten ist grunds\u00e4tzlich ohne jede Angabe&hellip;\" \/>\n<meta property=\"og:url\" content=\"https:\/\/biomaterialities.de\/de\/project\/de\/privacy-policy-2\/\" \/>\n<meta property=\"og:site_name\" content=\"BioMaterialities\" \/>\n<meta property=\"article:modified_time\" content=\"2023-07-13T19:38:25+00:00\" \/>\n<meta name=\"twitter:card\" content=\"summary_large_image\" \/>\n<meta name=\"twitter:label1\" content=\"Est. reading time\" \/>\n\t<meta name=\"twitter:data1\" content=\"6 minutes\" \/>\n<script type=\"application\/ld+json\" class=\"yoast-schema-graph\">{\"@context\":\"https:\/\/schema.org\",\"@graph\":[{\"@type\":\"WebPage\",\"@id\":\"https:\/\/biomaterialities.de\/de\/project\/de\/privacy-policy-2\/\",\"url\":\"https:\/\/biomaterialities.de\/de\/project\/de\/privacy-policy-2\/\",\"name\":\"Datenschutzbestimmung | BioMaterialities\",\"isPartOf\":{\"@id\":\"https:\/\/biomaterialities.de\/de\/project\/#website\"},\"datePublished\":\"2020-04-14T17:19:51+00:00\",\"dateModified\":\"2023-07-13T19:38:25+00:00\",\"breadcrumb\":{\"@id\":\"https:\/\/biomaterialities.de\/de\/project\/de\/privacy-policy-2\/#breadcrumb\"},\"inLanguage\":\"en-US\",\"potentialAction\":[{\"@type\":\"ReadAction\",\"target\":[\"https:\/\/biomaterialities.de\/de\/project\/de\/privacy-policy-2\/\"]}]},{\"@type\":\"BreadcrumbList\",\"@id\":\"https:\/\/biomaterialities.de\/de\/project\/de\/privacy-policy-2\/#breadcrumb\",\"itemListElement\":[{\"@type\":\"ListItem\",\"position\":1,\"name\":\"Home\",\"item\":\"https:\/\/biomaterialities.de\/de\/project\/de\/home-icon\/\"},{\"@type\":\"ListItem\",\"position\":2,\"name\":\"Datenschutzbestimmung\"}]},{\"@type\":\"WebSite\",\"@id\":\"https:\/\/biomaterialities.de\/de\/project\/#website\",\"url\":\"https:\/\/biomaterialities.de\/de\/project\/\",\"name\":\"BioMaterialities\",\"description\":\"Research Project. Nature and the Transformation of Production, Reproduction and Politics in the High-Tech Bioeconomy.\",\"publisher\":{\"@id\":\"https:\/\/biomaterialities.de\/de\/project\/#organization\"},\"potentialAction\":[{\"@type\":\"SearchAction\",\"target\":{\"@type\":\"EntryPoint\",\"urlTemplate\":\"https:\/\/biomaterialities.de\/de\/project\/?s={search_term_string}\"},\"query-input\":\"required name=search_term_string\"}],\"inLanguage\":\"en-US\"},{\"@type\":\"Organization\",\"@id\":\"https:\/\/biomaterialities.de\/de\/project\/#organization\",\"name\":\"Biomaterialities\",\"url\":\"https:\/\/biomaterialities.de\/de\/project\/\",\"logo\":{\"@type\":\"ImageObject\",\"inLanguage\":\"en-US\",\"@id\":\"https:\/\/biomaterialities.de\/de\/project\/#\/schema\/logo\/image\/\",\"url\":\"https:\/\/biomaterialities.de\/wp-content\/uploads\/2020\/01\/LogoBioMat_RGB.svg\",\"contentUrl\":\"https:\/\/biomaterialities.de\/wp-content\/uploads\/2020\/01\/LogoBioMat_RGB.svg\",\"width\":1,\"height\":1,\"caption\":\"Biomaterialities\"},\"image\":{\"@id\":\"https:\/\/biomaterialities.de\/de\/project\/#\/schema\/logo\/image\/\"}}]}<\/script>\n<!-- \/ Yoast SEO plugin. -->","yoast_head_json":{"title":"Datenschutzbestimmung | BioMaterialities","robots":{"index":"index","follow":"follow","max-snippet":"max-snippet:-1","max-image-preview":"max-image-preview:large","max-video-preview":"max-video-preview:-1"},"canonical":"https:\/\/biomaterialities.de\/de\/project\/de\/privacy-policy-2\/","og_locale":"en_US","og_type":"article","og_title":"Datenschutzbestimmung | BioMaterialities","og_description":"Datenschutzerkl\u00e4rung Wir freuen uns \u00fcber Ihr Interesse an unserem Onlineauftritt. Der Schutz Ihrer pers\u00f6nlichen Daten hat f\u00fcr uns einen hohen Stellenwert. Die Nutzung unserer Webseiten ist grunds\u00e4tzlich ohne jede Angabe&hellip;","og_url":"https:\/\/biomaterialities.de\/de\/project\/de\/privacy-policy-2\/","og_site_name":"BioMaterialities","article_modified_time":"2023-07-13T19:38:25+00:00","twitter_card":"summary_large_image","twitter_misc":{"Est. reading time":"6 minutes"},"schema":{"@context":"https:\/\/schema.org","@graph":[{"@type":"WebPage","@id":"https:\/\/biomaterialities.de\/de\/project\/de\/privacy-policy-2\/","url":"https:\/\/biomaterialities.de\/de\/project\/de\/privacy-policy-2\/","name":"Datenschutzbestimmung | BioMaterialities","isPartOf":{"@id":"https:\/\/biomaterialities.de\/de\/project\/#website"},"datePublished":"2020-04-14T17:19:51+00:00","dateModified":"2023-07-13T19:38:25+00:00","breadcrumb":{"@id":"https:\/\/biomaterialities.de\/de\/project\/de\/privacy-policy-2\/#breadcrumb"},"inLanguage":"en-US","potentialAction":[{"@type":"ReadAction","target":["https:\/\/biomaterialities.de\/de\/project\/de\/privacy-policy-2\/"]}]},{"@type":"BreadcrumbList","@id":"https:\/\/biomaterialities.de\/de\/project\/de\/privacy-policy-2\/#breadcrumb","itemListElement":[{"@type":"ListItem","position":1,"name":"Home","item":"https:\/\/biomaterialities.de\/de\/project\/de\/home-icon\/"},{"@type":"ListItem","position":2,"name":"Datenschutzbestimmung"}]},{"@type":"WebSite","@id":"https:\/\/biomaterialities.de\/de\/project\/#website","url":"https:\/\/biomaterialities.de\/de\/project\/","name":"BioMaterialities","description":"Research Project. Nature and the Transformation of Production, Reproduction and Politics in the High-Tech Bioeconomy.","publisher":{"@id":"https:\/\/biomaterialities.de\/de\/project\/#organization"},"potentialAction":[{"@type":"SearchAction","target":{"@type":"EntryPoint","urlTemplate":"https:\/\/biomaterialities.de\/de\/project\/?s={search_term_string}"},"query-input":"required name=search_term_string"}],"inLanguage":"en-US"},{"@type":"Organization","@id":"https:\/\/biomaterialities.de\/de\/project\/#organization","name":"Biomaterialities","url":"https:\/\/biomaterialities.de\/de\/project\/","logo":{"@type":"ImageObject","inLanguage":"en-US","@id":"https:\/\/biomaterialities.de\/de\/project\/#\/schema\/logo\/image\/","url":"https:\/\/biomaterialities.de\/wp-content\/uploads\/2020\/01\/LogoBioMat_RGB.svg","contentUrl":"https:\/\/biomaterialities.de\/wp-content\/uploads\/2020\/01\/LogoBioMat_RGB.svg","width":1,"height":1,"caption":"Biomaterialities"},"image":{"@id":"https:\/\/biomaterialities.de\/de\/project\/#\/schema\/logo\/image\/"}}]}},"_links":{"self":[{"href":"https:\/\/biomaterialities.de\/de\/project\/wp-json\/wp\/v2\/pages\/1968"}],"collection":[{"href":"https:\/\/biomaterialities.de\/de\/project\/wp-json\/wp\/v2\/pages"}],"about":[{"href":"https:\/\/biomaterialities.de\/de\/project\/wp-json\/wp\/v2\/types\/page"}],"author":[{"embeddable":true,"href":"https:\/\/biomaterialities.de\/de\/project\/wp-json\/wp\/v2\/users\/1"}],"replies":[{"embeddable":true,"href":"https:\/\/biomaterialities.de\/de\/project\/wp-json\/wp\/v2\/comments?post=1968"}],"version-history":[{"count":4,"href":"https:\/\/biomaterialities.de\/de\/project\/wp-json\/wp\/v2\/pages\/1968\/revisions"}],"predecessor-version":[{"id":3503,"href":"https:\/\/biomaterialities.de\/de\/project\/wp-json\/wp\/v2\/pages\/1968\/revisions\/3503"}],"wp:attachment":[{"href":"https:\/\/biomaterialities.de\/de\/project\/wp-json\/wp\/v2\/media?parent=1968"}],"curies":[{"name":"wp","href":"https:\/\/api.w.org\/{rel}","templated":true}]}}