{"id":1947,"date":"2020-04-14T16:52:51","date_gmt":"2020-04-14T16:52:51","guid":{"rendered":"https:\/\/biomaterialities.de\/?page_id=1947"},"modified":"2022-11-02T13:34:31","modified_gmt":"2022-11-02T13:34:31","slug":"arbeitspakete","status":"publish","type":"page","link":"https:\/\/biomaterialities.de\/de\/project\/de\/arbeitspakete\/","title":{"rendered":"Arbeitspakete"},"content":{"rendered":"<h3><strong>Arbeitspaket 1: Reproduktion der Natur in der Hightech-Bio\u00f6konomie <\/strong>(Miriam Boyer)<\/h3>\n<p>Das Arbeitspaket befasst sich mit der Transformation lebendiger Natur als materielle Grundlage der Hightech Bio\u00f6konomie. Es wird analysiert, wie (Hoch)technologien und wissenschaftliche Paradigmen der letzten Jahrzehnte die \u00f6konomische Inwertsetzung der lebenden Natur auf zwei r\u00e4umliche Ebenen ma\u00dfgeblich\u00a0 beeinflusst haben; die Ebene der molekularen Biotechnologien und die der Landschaftsr\u00e4ume. Dass Arbeitspaket befasst sich mit zwei Schl\u00fcsselkonzepten &#8216;Biomasse&#8217; und &#8216;Biodiversit\u00e4t&#8217;. Jedes der beiden Schl\u00fcsselkonzepte wird aus historisch-r\u00e4umlicher Perspektive untersucht, dabei auch ihr Spannungsverh\u00e4ltnis in der Bestimmung der konkreten Materialit\u00e4t von (Re)produktion und Inwertsetzung lebendiger Natur in der Hightech Bio\u00f6konomie. Das Arbeitspaket arbeitet mit theoretischen Perspektiven der Kritischen Geographie, der Kritik der politischen \u00d6konomie sowie der Wissenschafts- und Technikgeschichte.<\/p>\n<p><strong>Schlagw\u00f6rter: (Re)produktion, Materialit\u00e4t, Biotechnologien, r\u00e4umliche Ma\u00dfst\u00e4be, Inwertsetzung, Hightech<\/strong><\/p>\n<p>&nbsp;<\/p>\n<h3><strong>Arbeitspaket 2:\u00a0<\/strong><strong>Digitalisierung, Konflikte und politische Regulierung in der Hightech-Bio\u00f6konomie <\/strong>(Sarah Hackfort)<\/h3>\n<p>Das Arbeitspaket analysiert am Beispiel unterschiedlicher digitaler Pr\u00e4zisionstechnologien politische Prozesse um die Aneignung und Inwertsetzung von Natur. Mit der Analyse der Hightech-Transformationen in Agrarsystem wird ein zentrales empirisches Feld der Bio\u00f6konomie untersucht. Im Fokus stehen politische Regulierungsprozesse von digitalen Technologien an der Schnittstelle zu biobasierten Prozessen auf unterschiedlichen Ma\u00dfstabebenen (z.B. agrarwissenschaftliche Datenplattformen, Techniken der Pr\u00e4zisionslandwirtschaft oder digital-basierte neue Technologien der Molekularbiologie). Zentrale Forschungsinteressen sind das Verh\u00e4ltnis von Gesellschaft, Demokratie und Technologie sowie damit verbundene Machtverh\u00e4ltnisse, Ungleichheiten und Konflikte (z.B. \u00fcber Patente oder Daten) und die Rolle politischer Institutionen, Regulierungsprozesse und Akteure sowie die Frage wie diese Technologien und die gesellschaftlichen Verh\u00e4ltnisse, in die sie eingebettet sind, demokratisiert werden k\u00f6nnen. Theoretisch wird dabei Bezug genommen auf Ans\u00e4tze der Politischen \u00d6konomie und \u00d6kologie, sowie auf feministische und demokrathetheoretische Arbeiten und kritische Perspektiven auf Natur und Technologie. Es sind Feldforschungen in Deutschland, USA\/Kanada und Mexiko geplant.<\/p>\n<p><strong>Schlagw\u00f6rter: Politik der Digitalisierung, Technologien, Konflikte und Demokratie, (Bio)technologie, Hightech-Landwirtschaft<\/strong><\/p>\n<p>&nbsp;<\/p>\n<h3><strong>Arbeitspaket 3:\u00a0<\/strong><strong>Digitalisierung und Nahrungsmittelproduktion in der Bio\u00f6konomie <\/strong>(Louisa Prause)<\/h3>\n<p>Dieses Arbeitspaket f\u00fchrt Diskussionen zu digitalem Kapitalismus und digitaler Arbeit mit dem Gebiet der Kritischen Agrarwissenschaft und der Politischen \u00d6kologie zusammen. Das Forschungsprojekt betrachtet, inwiefern die Digitalisierung Einfluss auf Land- und Arbeitsverh\u00e4ltnisse in der Landwirtschaft, insbesondere, beim Anbau von Nahrungsmittelproduktion aus\u00fcbt. Der Themenschwerpunkt liegt auf den Auswirkungen digitaler Technologien auf Arbeitsk\u00e4mpfe und Landkonflikte. Die Schl\u00fcsselfragen sind: Welchen Einfluss haben neue digitale Technologien auf Arbeitsk\u00e4mpfe? Bringen diese Technologien neue Formen von Widerstand hervor? Wie positionieren sich Gewerkschaften und Bewegungen gegen\u00fcber der Digitalisierung in der Nahrungsmittelproduktion. Dar\u00fcber hinaus untersucht dieses Arbeitspaket, inwiefern digitale Technologien zu Ver\u00e4nderungen hinsichtlich des Zugangs zu und der Kontrolle von Land beitragen sowie mit den Ver\u00e4nderungen von Landnutzung und damit einhergehenden Konflikten. Das Arbeitspaket wird dazu beitragen die Beziehung zwischen technologischer Entwicklung und kapitalistischen Entwicklungen auf dem Land theoretisch zu fassen und das Spezifische am \u201cdigitalen\u201d zu ergr\u00fcnden. Es werden Feldforschungen in Deutschland und S\u00fcdafrika f\u00fcr dieses Arbeitspaket durchgef\u00fchrt.<\/p>\n<p><strong>Schlagw\u00f6rter: digitaler Kapitalismus, landwirtschaftliche Arbeit, Landkonflikte, Agrarbewegungen und Arbeitsbewegungen<\/strong><\/p>\n<h4><\/h4>\n<h3><strong>Arbeitspaket 4: Die politische \u00d6konomie waldbasierter Bio\u00f6konomie: Hightech, Konflikte und Reproduktion<\/strong><strong>\u00a0<\/strong>(Anna Saave)<strong>\u00a0<\/strong><\/h3>\n<p>Das Arbeitspaket \u201eDie politische \u00d6konomie waldbasierter Bio\u00f6konomie: Hightech, Konflikte und Reproduktion\u201c untersucht Waldnutzungssysteme aus einer polit\u00f6konomischen Perspektive. Beim \u00dcbergang von einer auf fossilen Rohstoffen basierenden zu einer nachhaltigeren biobasierten Wirtschaft werden gro\u00dfe Hoffnungen auf Waldnutzungssysteme gelegt, da sie ein breites Spektrum an Ressourcen liefern. Gleichzeitig ist Waldbewirtschaftung von Nutzungskonflikten gepr\u00e4gt, die durch die Ausweitung der Bio\u00f6konomie und sozial-\u00f6kologische Krisen noch verst\u00e4rkt werden. Das Arbeitspaket untersucht, wie sich Waldnutzung aufgrund von Bio\u00f6konomie-Strategien ver\u00e4ndert und welche sozialen Ungleichheiten durch waldbasierte Bio\u00f6konomien (re-)produziert werden. Als weitere Dimensionen dieser Leitfragen wird analysiert, wie die Waldnutzung sowohl durch den Einsatz von Hightech geformt wird als auch durch K\u00e4mpfe f\u00fcr und gegen Inwertsetzung. Eine reproduktionsorientierte feministische Analyse waldbasierter Bio\u00f6konomien komplementiert die Betrachtungen.<\/p>\n<p style=\"font-weight: 400;\">Theoretische Zug\u00e4nge: Politische \u00d6konomie, critical sustainability studies, feministische Perspektiven. Feldforschung: Deutschland und Kanada.<\/p>\n<p class=\"v1v1p1\"><strong>Schlagw\u00f6rter: Politische \u00d6konomie, Bio\u00f6konomien des Waldes, waldbasiert Bio\u00f6konomie, (Re)Produktion, Reproduktivit\u00e4t, Hightech, Einverleibung, Externalisierung, Inwertsetzung.<\/strong><\/p>\n<p>&nbsp;<\/p>\n<h3><strong>Arbeitspaket 5: <b>Arbeit, Wert und Hochtechnologie in der Bio\u00f6konomie<\/b> <\/strong>(Johannes Fehrle)<\/h3>\n<p style=\"font-weight: 400;\">Das Arbeitspaket zielt auf eine theoretische und historische Analyse der \u00f6konomischen und sozialen Praxen, welche der Bio\u00f6konomie zugrunde liegen. Der Fokus liegt auf den Bereichen Arbeit und Wert sowie Technologie bzw. Hochtechnologie. Ziel ist es in einem ersten Block Ans\u00e4tze der politischen \u00d6konomie und \u00d6kologie zu verbinden und f\u00fcr die Analyse eines technologisch und \u00f6konomisch ver\u00e4nderten Biokapitalismus anzupassen. Ein zweiter Block besch\u00e4ftigt sich, ausgehend von der Automatisierungsdebatte, der feministischen politischen \u00d6kologie und den Science and Technology Studies, mit Vorstellung von Hochtechnologie. Der Fokus liegt auf der landwirtschaftlichen Nahrungsmittelproduktion und den Vision, die verschiedene Theoretiker:innen und politische Akteure f\u00fcr die nachhaltige und gerechte Arbeit mit dem Land in einer oft vorhergesagten Zukunft \u201eohne menschliche Arbeit\u201c formulieren.<\/p>\n<p style=\"font-weight: 400;\"><strong>Schlagw\u00f6rter: politische \u00d6konomie, politische \u00d6kologie, Arbeit, Wert, Technologie, Nachhaltigkeit, just transition<\/strong><\/p>\n<p>&nbsp;<\/p>\n","protected":false},"excerpt":{"rendered":"<p>Arbeitspaket 1: Reproduktion der Natur in der Hightech-Bio\u00f6konomie (Miriam Boyer) Das Arbeitspaket befasst sich mit der Transformation lebendiger Natur als materielle Grundlage der Hightech Bio\u00f6konomie. Es wird analysiert, wie (Hoch)technologien&hellip;<\/p>\n","protected":false},"author":1,"featured_media":0,"parent":0,"menu_order":0,"comment_status":"closed","ping_status":"closed","template":"","meta":{"content-type":"","inline_featured_image":false},"yoast_head":"<!-- This site is optimized with the Yoast SEO plugin v21.4 - https:\/\/yoast.com\/wordpress\/plugins\/seo\/ -->\n<title>Arbeitspakete | BioMaterialities<\/title>\n<meta name=\"robots\" content=\"index, follow, max-snippet:-1, max-image-preview:large, max-video-preview:-1\" \/>\n<link rel=\"canonical\" href=\"https:\/\/biomaterialities.de\/de\/project\/de\/arbeitspakete\/\" \/>\n<meta property=\"og:locale\" content=\"en_US\" \/>\n<meta property=\"og:type\" content=\"article\" \/>\n<meta property=\"og:title\" content=\"Arbeitspakete | BioMaterialities\" \/>\n<meta property=\"og:description\" content=\"Arbeitspaket 1: Reproduktion der Natur in der Hightech-Bio\u00f6konomie (Miriam Boyer) Das Arbeitspaket befasst sich mit der Transformation lebendiger Natur als materielle Grundlage der Hightech Bio\u00f6konomie. Es wird analysiert, wie (Hoch)technologien&hellip;\" \/>\n<meta property=\"og:url\" content=\"https:\/\/biomaterialities.de\/de\/project\/de\/arbeitspakete\/\" \/>\n<meta property=\"og:site_name\" content=\"BioMaterialities\" \/>\n<meta property=\"article:modified_time\" content=\"2022-11-02T13:34:31+00:00\" \/>\n<meta name=\"twitter:card\" content=\"summary_large_image\" \/>\n<meta name=\"twitter:label1\" content=\"Est. reading time\" \/>\n\t<meta name=\"twitter:data1\" content=\"4 minutes\" \/>\n<script type=\"application\/ld+json\" class=\"yoast-schema-graph\">{\"@context\":\"https:\/\/schema.org\",\"@graph\":[{\"@type\":\"WebPage\",\"@id\":\"https:\/\/biomaterialities.de\/de\/project\/de\/arbeitspakete\/\",\"url\":\"https:\/\/biomaterialities.de\/de\/project\/de\/arbeitspakete\/\",\"name\":\"Arbeitspakete | BioMaterialities\",\"isPartOf\":{\"@id\":\"https:\/\/biomaterialities.de\/de\/project\/#website\"},\"datePublished\":\"2020-04-14T16:52:51+00:00\",\"dateModified\":\"2022-11-02T13:34:31+00:00\",\"breadcrumb\":{\"@id\":\"https:\/\/biomaterialities.de\/de\/project\/de\/arbeitspakete\/#breadcrumb\"},\"inLanguage\":\"en-US\",\"potentialAction\":[{\"@type\":\"ReadAction\",\"target\":[\"https:\/\/biomaterialities.de\/de\/project\/de\/arbeitspakete\/\"]}]},{\"@type\":\"BreadcrumbList\",\"@id\":\"https:\/\/biomaterialities.de\/de\/project\/de\/arbeitspakete\/#breadcrumb\",\"itemListElement\":[{\"@type\":\"ListItem\",\"position\":1,\"name\":\"Home\",\"item\":\"https:\/\/biomaterialities.de\/de\/project\/de\/home-icon\/\"},{\"@type\":\"ListItem\",\"position\":2,\"name\":\"Arbeitspakete\"}]},{\"@type\":\"WebSite\",\"@id\":\"https:\/\/biomaterialities.de\/de\/project\/#website\",\"url\":\"https:\/\/biomaterialities.de\/de\/project\/\",\"name\":\"BioMaterialities\",\"description\":\"Research Project. Nature and the Transformation of Production, Reproduction and Politics in the High-Tech Bioeconomy.\",\"publisher\":{\"@id\":\"https:\/\/biomaterialities.de\/de\/project\/#organization\"},\"potentialAction\":[{\"@type\":\"SearchAction\",\"target\":{\"@type\":\"EntryPoint\",\"urlTemplate\":\"https:\/\/biomaterialities.de\/de\/project\/?s={search_term_string}\"},\"query-input\":\"required name=search_term_string\"}],\"inLanguage\":\"en-US\"},{\"@type\":\"Organization\",\"@id\":\"https:\/\/biomaterialities.de\/de\/project\/#organization\",\"name\":\"Biomaterialities\",\"url\":\"https:\/\/biomaterialities.de\/de\/project\/\",\"logo\":{\"@type\":\"ImageObject\",\"inLanguage\":\"en-US\",\"@id\":\"https:\/\/biomaterialities.de\/de\/project\/#\/schema\/logo\/image\/\",\"url\":\"https:\/\/biomaterialities.de\/wp-content\/uploads\/2020\/01\/LogoBioMat_RGB.svg\",\"contentUrl\":\"https:\/\/biomaterialities.de\/wp-content\/uploads\/2020\/01\/LogoBioMat_RGB.svg\",\"width\":1,\"height\":1,\"caption\":\"Biomaterialities\"},\"image\":{\"@id\":\"https:\/\/biomaterialities.de\/de\/project\/#\/schema\/logo\/image\/\"}}]}<\/script>\n<!-- \/ Yoast SEO plugin. -->","yoast_head_json":{"title":"Arbeitspakete | BioMaterialities","robots":{"index":"index","follow":"follow","max-snippet":"max-snippet:-1","max-image-preview":"max-image-preview:large","max-video-preview":"max-video-preview:-1"},"canonical":"https:\/\/biomaterialities.de\/de\/project\/de\/arbeitspakete\/","og_locale":"en_US","og_type":"article","og_title":"Arbeitspakete | BioMaterialities","og_description":"Arbeitspaket 1: Reproduktion der Natur in der Hightech-Bio\u00f6konomie (Miriam Boyer) Das Arbeitspaket befasst sich mit der Transformation lebendiger Natur als materielle Grundlage der Hightech Bio\u00f6konomie. Es wird analysiert, wie (Hoch)technologien&hellip;","og_url":"https:\/\/biomaterialities.de\/de\/project\/de\/arbeitspakete\/","og_site_name":"BioMaterialities","article_modified_time":"2022-11-02T13:34:31+00:00","twitter_card":"summary_large_image","twitter_misc":{"Est. reading time":"4 minutes"},"schema":{"@context":"https:\/\/schema.org","@graph":[{"@type":"WebPage","@id":"https:\/\/biomaterialities.de\/de\/project\/de\/arbeitspakete\/","url":"https:\/\/biomaterialities.de\/de\/project\/de\/arbeitspakete\/","name":"Arbeitspakete | BioMaterialities","isPartOf":{"@id":"https:\/\/biomaterialities.de\/de\/project\/#website"},"datePublished":"2020-04-14T16:52:51+00:00","dateModified":"2022-11-02T13:34:31+00:00","breadcrumb":{"@id":"https:\/\/biomaterialities.de\/de\/project\/de\/arbeitspakete\/#breadcrumb"},"inLanguage":"en-US","potentialAction":[{"@type":"ReadAction","target":["https:\/\/biomaterialities.de\/de\/project\/de\/arbeitspakete\/"]}]},{"@type":"BreadcrumbList","@id":"https:\/\/biomaterialities.de\/de\/project\/de\/arbeitspakete\/#breadcrumb","itemListElement":[{"@type":"ListItem","position":1,"name":"Home","item":"https:\/\/biomaterialities.de\/de\/project\/de\/home-icon\/"},{"@type":"ListItem","position":2,"name":"Arbeitspakete"}]},{"@type":"WebSite","@id":"https:\/\/biomaterialities.de\/de\/project\/#website","url":"https:\/\/biomaterialities.de\/de\/project\/","name":"BioMaterialities","description":"Research Project. Nature and the Transformation of Production, Reproduction and Politics in the High-Tech Bioeconomy.","publisher":{"@id":"https:\/\/biomaterialities.de\/de\/project\/#organization"},"potentialAction":[{"@type":"SearchAction","target":{"@type":"EntryPoint","urlTemplate":"https:\/\/biomaterialities.de\/de\/project\/?s={search_term_string}"},"query-input":"required name=search_term_string"}],"inLanguage":"en-US"},{"@type":"Organization","@id":"https:\/\/biomaterialities.de\/de\/project\/#organization","name":"Biomaterialities","url":"https:\/\/biomaterialities.de\/de\/project\/","logo":{"@type":"ImageObject","inLanguage":"en-US","@id":"https:\/\/biomaterialities.de\/de\/project\/#\/schema\/logo\/image\/","url":"https:\/\/biomaterialities.de\/wp-content\/uploads\/2020\/01\/LogoBioMat_RGB.svg","contentUrl":"https:\/\/biomaterialities.de\/wp-content\/uploads\/2020\/01\/LogoBioMat_RGB.svg","width":1,"height":1,"caption":"Biomaterialities"},"image":{"@id":"https:\/\/biomaterialities.de\/de\/project\/#\/schema\/logo\/image\/"}}]}},"_links":{"self":[{"href":"https:\/\/biomaterialities.de\/de\/project\/wp-json\/wp\/v2\/pages\/1947"}],"collection":[{"href":"https:\/\/biomaterialities.de\/de\/project\/wp-json\/wp\/v2\/pages"}],"about":[{"href":"https:\/\/biomaterialities.de\/de\/project\/wp-json\/wp\/v2\/types\/page"}],"author":[{"embeddable":true,"href":"https:\/\/biomaterialities.de\/de\/project\/wp-json\/wp\/v2\/users\/1"}],"replies":[{"embeddable":true,"href":"https:\/\/biomaterialities.de\/de\/project\/wp-json\/wp\/v2\/comments?post=1947"}],"version-history":[{"count":46,"href":"https:\/\/biomaterialities.de\/de\/project\/wp-json\/wp\/v2\/pages\/1947\/revisions"}],"predecessor-version":[{"id":3217,"href":"https:\/\/biomaterialities.de\/de\/project\/wp-json\/wp\/v2\/pages\/1947\/revisions\/3217"}],"wp:attachment":[{"href":"https:\/\/biomaterialities.de\/de\/project\/wp-json\/wp\/v2\/media?parent=1947"}],"curies":[{"name":"wp","href":"https:\/\/api.w.org\/{rel}","templated":true}]}}