{"id":1371,"date":"2019-12-20T17:56:09","date_gmt":"2019-12-20T17:56:09","guid":{"rendered":"https:\/\/biomaterialities.de\/?page_id=1371"},"modified":"2023-07-14T10:49:31","modified_gmt":"2023-07-14T10:49:31","slug":"home-icon","status":"publish","type":"page","link":"https:\/\/biomaterialities.de\/de\/project\/de\/home-icon\/","title":{"rendered":"Home"},"content":{"rendered":"\t\t<div data-elementor-type=\"wp-page\" data-elementor-id=\"1371\" class=\"elementor elementor-1371\">\n\t\t\t\t\t\t\t\t\t<section class=\"penci-section penci-disSticky penci-structure-10 elementor-section elementor-top-section elementor-element elementor-element-31c35da elementor-section-boxed elementor-section-height-default elementor-section-height-default\" data-id=\"31c35da\" data-element_type=\"section\">\n\t\t\t\t\t\t<div class=\"elementor-container elementor-column-gap-default\">\n\t\t\t\t\t<div class=\"penci-ercol-100 penci-ercol-order-1 penci-sticky-ct    elementor-column elementor-col-100 elementor-top-column elementor-element elementor-element-fb5158f\" data-id=\"fb5158f\" data-element_type=\"column\">\n\t\t\t<div class=\"elementor-widget-wrap elementor-element-populated\">\n\t\t\t\t\t\t\t\t<div class=\"elementor-element elementor-element-d867c0c elementor-widget elementor-widget-heading\" data-id=\"d867c0c\" data-element_type=\"widget\" data-widget_type=\"heading.default\">\n\t\t\t\t<div class=\"elementor-widget-container\">\n\t\t\t<h2 class=\"elementor-heading-title elementor-size-default\">BIOMATERIALITIES \u2013 <br>\nNatur und Transformationen von Produktion, Reproduktion und Politik in der High-Tech Bio\u00f6konomie<\/h2>\t\t<\/div>\n\t\t\t\t<\/div>\n\t\t\t\t<div class=\"elementor-element elementor-element-3897a4f elementor-widget elementor-widget-text-editor\" data-id=\"3897a4f\" data-element_type=\"widget\" data-widget_type=\"text-editor.default\">\n\t\t\t\t<div class=\"elementor-widget-container\">\n\t\t\t\t\t\t\t<p>BioMaterialities untersucht die Materialit\u00e4t der lebendigen Natur und ihre wirtschaftliche Inwertsetzung in der High-Tech-Bio\u00f6konomie. Die Forschungsgruppe analysiert Entwicklungen und Ver\u00e4nderungen durch Digitalisierung und andere konvergierende Technologien in der Bio\u00f6konomie. Dazu geh\u00f6ren vor allem Reproduktionstechnologien im Kontext von Natur und Biodiversit\u00e4t, neue Technologien in Arbeit und Produktion in der Landwirtschaft, Konflikte und Ungleichheiten im l\u00e4ndlichen Raum oder der Waldwirtschaft und Prozesse der politischen Regulierung von neuen Technologien. Theoretisch wird sich dabei auf Ans\u00e4tze aus der politischen \u00d6konomie, der politischen \u00d6kologie, der feministischen Theorie und der kritischen Geographie bezogen.<\/p>\n<p>Die Forschungsgruppe wird vom Bundesministerium f\u00fcr Bildung und Forschung (BMBF) im Rahmen des Programms \u201cBio\u00f6konomie als gesellschaftlicher Wandel\u201d gef\u00f6rdert. Sie ist am Albrecht Daniel Thaer-Institut im Fachbereich Agrar- und Ern\u00e4hrungspolitik an der Humboldt-Universit\u00e4t zu Berlin angesiedelt.<\/p>\n<div class=\"elementor-element elementor-element-3897a4f elementor-widget elementor-widget-text-editor\" data-id=\"3897a4f\">\n<div class=\"elementor-widget-container\">\n<div class=\"elementor-text-editor elementor-clearfix\">\n<h4><strong>Was ist die Bio\u00f6konomie?<\/strong><\/h4>\n<p>Die Bio\u00f6konomie ist ein politisches Projekt, das darauf zielt, das Wirtschaftssystem von fossilen Quellen auf biologische Ressourcen wie Pflanzen oder Mikroorganismen umzustellen und biogene Produkte und Materialien und die Nutzung von Biotechnologien auszubauen<strong>. <\/strong>Nachhaltigkeit und Erneuerbarkeit sind zentrale Narrative in dieser Transformation.<\/p>\n<h4><strong>High-Tech-Bio\u00f6konomie<\/strong><\/h4>\n<p>Die sich in L\u00e4ndern wie Deutschland entwickelnde Ausrichtung bio\u00f6konomischer Sektoren l\u00e4sst eine High-Tech-Inwertsetzung der lebendigen Natur erkennen. Dazu geh\u00f6rt ein starker Fokus auf (bio)technologische Innovationen in den Lebenswissenschaften und deren Konvergenz mit digitalen Technologien. Diese High-Tech-Vision einer Transformation (im Gegensatz zu anderen M\u00f6glichkeiten wie der lokalen, Low-Tech-Nutzung von Biomasse) durch zentrale Akteure und Institutionen, legt es nahe die Bio\u00f6konomie als eine Hightech-Bio\u00f6konomie zu pr\u00e4zisieren.<\/p>\n<p>Das Projekt BioMaterialities tr\u00e4gt zur kritischen sozialwissenschaftlichen Forschung dieser Entwicklungen bei. Es analysiert, wie sich verschiedene gesellschaftliche Verh\u00e4ltnisse in der High-Tech-Bio\u00f6konomie ver\u00e4ndern. Dabei liegt eine zentrale Perspektive in der Besch\u00e4ftigung mit den materiellen Eigenschaften der lebendigen Natur als produktive Basis der Bio\u00f6konomie. Sozialwissenschaftlich kann die Materialit\u00e4t von Natur empirisch und theoretisch analysiert werden, von der Untersuchung der zugrunde liegenden Annahmen wie der Erneuerbarkeit und der Verf\u00fcgbarkeit von Biomasse bis hin zur Analyse, wie sich die Reproduktion von Organismen r\u00e4umlichen und zeitlich in die High-Tech-Produktion eingef\u00fcgt. BioMaterialities untersucht Transformationsprozesse in der Produktion, der Reproduktion und der politischen Regulierung mittels verschiedener internationaler Fallstudien. Es werden exemplarische Prozesse analysiert, die charakteristisch f\u00fcr die High-Tech-Bio\u00f6konomie oder aufschlussreich f\u00fcr deren Entfaltungsdynamik sind.<\/p>\n<p>F\u00f6rderkennzeichen: FKZ&nbsp;031B0750<\/p>\n<\/div>\n<\/div>\n<\/div>\t\t\t\t\t\t<\/div>\n\t\t\t\t<\/div>\n\t\t\t\t\t<\/div>\n\t\t<\/div>\n\t\t\t\t\t\t\t<\/div>\n\t\t<\/section>\n\t\t\t\t\t\t\t<\/div>\n\t\t","protected":false},"excerpt":{"rendered":"<p>BIOMATERIALITIES \u2013 Natur und Transformationen von Produktion, Reproduktion und Politik in der High-Tech Bio\u00f6konomie BioMaterialities untersucht die Materialit\u00e4t der lebendigen Natur und ihre wirtschaftliche Inwertsetzung in der High-Tech-Bio\u00f6konomie. Die Forschungsgruppe&hellip;<\/p>\n","protected":false},"author":1,"featured_media":0,"parent":0,"menu_order":0,"comment_status":"closed","ping_status":"closed","template":"","meta":{"content-type":"","inline_featured_image":false},"yoast_head":"<!-- This site is optimized with the Yoast SEO plugin v21.4 - https:\/\/yoast.com\/wordpress\/plugins\/seo\/ -->\n<title>BioMaterialities: Nature and Transformations in the High-Tech Bioeconomy<\/title>\n<meta name=\"description\" content=\"Research Group at Humboldt-Universit\u00e4t zu Berlin\" \/>\n<meta name=\"robots\" content=\"index, follow, max-snippet:-1, max-image-preview:large, max-video-preview:-1\" \/>\n<link rel=\"canonical\" href=\"https:\/\/biomaterialities.de\/de\/project\/de\/home-icon\/\" \/>\n<meta property=\"og:locale\" content=\"en_US\" \/>\n<meta property=\"og:type\" content=\"article\" \/>\n<meta property=\"og:title\" content=\"BioMaterialities: Nature and Transformations in the High-Tech Bioeconomy\" \/>\n<meta property=\"og:description\" content=\"Research Group at Humboldt-Universit\u00e4t zu Berlin\" \/>\n<meta property=\"og:url\" content=\"https:\/\/biomaterialities.de\/de\/project\/de\/home-icon\/\" \/>\n<meta property=\"og:site_name\" content=\"BioMaterialities\" \/>\n<meta property=\"article:modified_time\" content=\"2023-07-14T10:49:31+00:00\" \/>\n<meta name=\"twitter:card\" content=\"summary_large_image\" \/>\n<meta name=\"twitter:label1\" content=\"Est. reading time\" \/>\n\t<meta name=\"twitter:data1\" content=\"3 minutes\" \/>\n<script type=\"application\/ld+json\" class=\"yoast-schema-graph\">{\"@context\":\"https:\/\/schema.org\",\"@graph\":[{\"@type\":\"WebPage\",\"@id\":\"https:\/\/biomaterialities.de\/de\/project\/de\/home-icon\/\",\"url\":\"https:\/\/biomaterialities.de\/de\/project\/de\/home-icon\/\",\"name\":\"BioMaterialities: Nature and Transformations in the High-Tech Bioeconomy\",\"isPartOf\":{\"@id\":\"https:\/\/biomaterialities.de\/de\/project\/#website\"},\"datePublished\":\"2019-12-20T17:56:09+00:00\",\"dateModified\":\"2023-07-14T10:49:31+00:00\",\"description\":\"Research Group at Humboldt-Universit\u00e4t zu Berlin\",\"breadcrumb\":{\"@id\":\"https:\/\/biomaterialities.de\/de\/project\/de\/home-icon\/#breadcrumb\"},\"inLanguage\":\"en-US\",\"potentialAction\":[{\"@type\":\"ReadAction\",\"target\":[\"https:\/\/biomaterialities.de\/de\/project\/de\/home-icon\/\"]}]},{\"@type\":\"BreadcrumbList\",\"@id\":\"https:\/\/biomaterialities.de\/de\/project\/de\/home-icon\/#breadcrumb\",\"itemListElement\":[{\"@type\":\"ListItem\",\"position\":1,\"name\":\"Home\",\"item\":\"https:\/\/biomaterialities.de\/de\/project\/de\/home-icon\/\"},{\"@type\":\"ListItem\",\"position\":2,\"name\":\"Home\"}]},{\"@type\":\"WebSite\",\"@id\":\"https:\/\/biomaterialities.de\/de\/project\/#website\",\"url\":\"https:\/\/biomaterialities.de\/de\/project\/\",\"name\":\"BioMaterialities\",\"description\":\"Research Project. Nature and the Transformation of Production, Reproduction and Politics in the High-Tech Bioeconomy.\",\"publisher\":{\"@id\":\"https:\/\/biomaterialities.de\/de\/project\/#organization\"},\"potentialAction\":[{\"@type\":\"SearchAction\",\"target\":{\"@type\":\"EntryPoint\",\"urlTemplate\":\"https:\/\/biomaterialities.de\/de\/project\/?s={search_term_string}\"},\"query-input\":\"required name=search_term_string\"}],\"inLanguage\":\"en-US\"},{\"@type\":\"Organization\",\"@id\":\"https:\/\/biomaterialities.de\/de\/project\/#organization\",\"name\":\"Biomaterialities\",\"url\":\"https:\/\/biomaterialities.de\/de\/project\/\",\"logo\":{\"@type\":\"ImageObject\",\"inLanguage\":\"en-US\",\"@id\":\"https:\/\/biomaterialities.de\/de\/project\/#\/schema\/logo\/image\/\",\"url\":\"https:\/\/biomaterialities.de\/wp-content\/uploads\/2020\/01\/LogoBioMat_RGB.svg\",\"contentUrl\":\"https:\/\/biomaterialities.de\/wp-content\/uploads\/2020\/01\/LogoBioMat_RGB.svg\",\"width\":1,\"height\":1,\"caption\":\"Biomaterialities\"},\"image\":{\"@id\":\"https:\/\/biomaterialities.de\/de\/project\/#\/schema\/logo\/image\/\"}}]}<\/script>\n<!-- \/ Yoast SEO plugin. -->","yoast_head_json":{"title":"BioMaterialities: Nature and Transformations in the High-Tech Bioeconomy","description":"Research Group at Humboldt-Universit\u00e4t zu Berlin","robots":{"index":"index","follow":"follow","max-snippet":"max-snippet:-1","max-image-preview":"max-image-preview:large","max-video-preview":"max-video-preview:-1"},"canonical":"https:\/\/biomaterialities.de\/de\/project\/de\/home-icon\/","og_locale":"en_US","og_type":"article","og_title":"BioMaterialities: Nature and Transformations in the High-Tech Bioeconomy","og_description":"Research Group at Humboldt-Universit\u00e4t zu Berlin","og_url":"https:\/\/biomaterialities.de\/de\/project\/de\/home-icon\/","og_site_name":"BioMaterialities","article_modified_time":"2023-07-14T10:49:31+00:00","twitter_card":"summary_large_image","twitter_misc":{"Est. reading time":"3 minutes"},"schema":{"@context":"https:\/\/schema.org","@graph":[{"@type":"WebPage","@id":"https:\/\/biomaterialities.de\/de\/project\/de\/home-icon\/","url":"https:\/\/biomaterialities.de\/de\/project\/de\/home-icon\/","name":"BioMaterialities: Nature and Transformations in the High-Tech Bioeconomy","isPartOf":{"@id":"https:\/\/biomaterialities.de\/de\/project\/#website"},"datePublished":"2019-12-20T17:56:09+00:00","dateModified":"2023-07-14T10:49:31+00:00","description":"Research Group at Humboldt-Universit\u00e4t zu Berlin","breadcrumb":{"@id":"https:\/\/biomaterialities.de\/de\/project\/de\/home-icon\/#breadcrumb"},"inLanguage":"en-US","potentialAction":[{"@type":"ReadAction","target":["https:\/\/biomaterialities.de\/de\/project\/de\/home-icon\/"]}]},{"@type":"BreadcrumbList","@id":"https:\/\/biomaterialities.de\/de\/project\/de\/home-icon\/#breadcrumb","itemListElement":[{"@type":"ListItem","position":1,"name":"Home","item":"https:\/\/biomaterialities.de\/de\/project\/de\/home-icon\/"},{"@type":"ListItem","position":2,"name":"Home"}]},{"@type":"WebSite","@id":"https:\/\/biomaterialities.de\/de\/project\/#website","url":"https:\/\/biomaterialities.de\/de\/project\/","name":"BioMaterialities","description":"Research Project. Nature and the Transformation of Production, Reproduction and Politics in the High-Tech Bioeconomy.","publisher":{"@id":"https:\/\/biomaterialities.de\/de\/project\/#organization"},"potentialAction":[{"@type":"SearchAction","target":{"@type":"EntryPoint","urlTemplate":"https:\/\/biomaterialities.de\/de\/project\/?s={search_term_string}"},"query-input":"required name=search_term_string"}],"inLanguage":"en-US"},{"@type":"Organization","@id":"https:\/\/biomaterialities.de\/de\/project\/#organization","name":"Biomaterialities","url":"https:\/\/biomaterialities.de\/de\/project\/","logo":{"@type":"ImageObject","inLanguage":"en-US","@id":"https:\/\/biomaterialities.de\/de\/project\/#\/schema\/logo\/image\/","url":"https:\/\/biomaterialities.de\/wp-content\/uploads\/2020\/01\/LogoBioMat_RGB.svg","contentUrl":"https:\/\/biomaterialities.de\/wp-content\/uploads\/2020\/01\/LogoBioMat_RGB.svg","width":1,"height":1,"caption":"Biomaterialities"},"image":{"@id":"https:\/\/biomaterialities.de\/de\/project\/#\/schema\/logo\/image\/"}}]}},"_links":{"self":[{"href":"https:\/\/biomaterialities.de\/de\/project\/wp-json\/wp\/v2\/pages\/1371"}],"collection":[{"href":"https:\/\/biomaterialities.de\/de\/project\/wp-json\/wp\/v2\/pages"}],"about":[{"href":"https:\/\/biomaterialities.de\/de\/project\/wp-json\/wp\/v2\/types\/page"}],"author":[{"embeddable":true,"href":"https:\/\/biomaterialities.de\/de\/project\/wp-json\/wp\/v2\/users\/1"}],"replies":[{"embeddable":true,"href":"https:\/\/biomaterialities.de\/de\/project\/wp-json\/wp\/v2\/comments?post=1371"}],"version-history":[{"count":128,"href":"https:\/\/biomaterialities.de\/de\/project\/wp-json\/wp\/v2\/pages\/1371\/revisions"}],"predecessor-version":[{"id":3519,"href":"https:\/\/biomaterialities.de\/de\/project\/wp-json\/wp\/v2\/pages\/1371\/revisions\/3519"}],"wp:attachment":[{"href":"https:\/\/biomaterialities.de\/de\/project\/wp-json\/wp\/v2\/media?parent=1371"}],"curies":[{"name":"wp","href":"https:\/\/api.w.org\/{rel}","templated":true}]}}